{"id":708,"date":"2023-01-23T08:03:52","date_gmt":"2023-01-23T08:03:52","guid":{"rendered":"https:\/\/kommindeinebalance.at\/index.php\/aromaberatung-fuer-erwachsene\/"},"modified":"2023-08-30T08:19:55","modified_gmt":"2023-08-30T08:19:55","slug":"aromaberatung-fuer-erwachsene","status":"publish","type":"page","link":"https:\/\/kommindeinebalance.at\/index.php\/aromaberatung-fuer-erwachsene\/","title":{"rendered":"Aromaberatung f\u00fcr Erwachsene"},"content":{"rendered":"\n<div class=\"wp-block-columns alignfull is-layout-flex wp-container-core-columns-is-layout-9d6595d7 wp-block-columns-is-layout-flex\">\n<div class=\"wp-block-column is-layout-flow wp-block-column-is-layout-flow\"><\/div>\n<\/div>\n\n\n\n<p class=\"has-sitebg-background-color has-background\" style=\"font-size:20px\"><\/p>\n\n\n\n<div class=\"wp-block-media-text alignfull is-stacked-on-mobile is-image-fill\"><figure class=\"wp-block-media-text__media\" style=\"background-image:url(http:\/\/kommindeinebalance.at\/wp-content\/uploads\/2023\/08\/SEY-2304_0610-683x1024.jpg);background-position:50% 50%\"><img loading=\"lazy\" decoding=\"async\" width=\"683\" height=\"1024\" src=\"http:\/\/kommindeinebalance.at\/wp-content\/uploads\/2023\/08\/SEY-2304_0610-683x1024.jpg\" alt=\"\" class=\"wp-image-1193 size-full\" srcset=\"https:\/\/kommindeinebalance.at\/wp-content\/uploads\/2023\/08\/SEY-2304_0610-683x1024.jpg 683w, https:\/\/kommindeinebalance.at\/wp-content\/uploads\/2023\/08\/SEY-2304_0610-200x300.jpg 200w, https:\/\/kommindeinebalance.at\/wp-content\/uploads\/2023\/08\/SEY-2304_0610-768x1152.jpg 768w, https:\/\/kommindeinebalance.at\/wp-content\/uploads\/2023\/08\/SEY-2304_0610-1024x1536.jpg 1024w, https:\/\/kommindeinebalance.at\/wp-content\/uploads\/2023\/08\/SEY-2304_0610-1365x2048.jpg 1365w, https:\/\/kommindeinebalance.at\/wp-content\/uploads\/2023\/08\/SEY-2304_0610-scaled.jpg 1707w\" sizes=\"auto, (max-width: 683px) 100vw, 683px\" \/><\/figure><div class=\"wp-block-media-text__content\">\n<p style=\"font-size:18px\">\u00c4therischen \u00d6le unterst\u00fctzen dich bei k\u00f6rperlichen sowie mentalen vor\u00fcbergehenden Zust\u00e4nden und speziellen Themen. Die Ger\u00fcche lassen uns in unsere wahren Emotionen und unser tiefes Bewusstsein eintauchen. Oft erinnern uns bestimmte D\u00fcfte an bestimmte Erinnerungen, zum Beispiel aus unserer Kindheit oder an den Urlaub die wiederum ein Gef\u00fchl erzeugen. Ganz bewu\u00dft eingesetzt lassen sie unseren K\u00f6rper wieder in Balance kommen und helfen uns bei der Arbeit und Aufl\u00f6sung von inneren sowie k\u00f6rperlichen Themen!<\/p>\n\n\n\n<p style=\"font-size:18px\">Melde dich f\u00fcr ein kostenloses Kennenlern-Angebot bei mir. Wir besprechen gemeinsam deinAnliegen dir deine M\u00f6glichkeiten. Du entscheidest ob und wann du mit den \u00d6len starten m\u00f6chtet. Mein Geschenk an Dich: 1 Probefl\u00e4schchen \u00e4therisches \u00d6l.<\/p>\n\n\n\n<p style=\"font-size:18px\">M\u00f6chtest du danach mehr erfahren und noch mehr Anwendungen der \u00d6le erfahren, dann vereinbaren wir einen Termin f\u00fcr ein 1:1 Gespr\u00e4ch. <\/p>\n\n\n\n<p style=\"font-size:18px\">Bei unserem 1:1 Gespr\u00e4ch nehmen wir uns rund 1 Stunde Zeit und besprechen ausf\u00fchrlich dein Anliegen und deinen pers\u00f6nlichen \u00d6le-Fahrplan. Ich schicke dir den schriftlichen Fahrplan per Mail.<\/p>\n\n\n\n<p style=\"font-size:18px\">Unser Kennenlernen und weitere Termine machen wir ganz ortsungebunden \u2013 via ZOOM.<\/p>\n\n\n\n<p style=\"font-size:18px\"><\/p>\n\n\n\n<p style=\"font-size:18px\">Hast du noch Fragen? Dann melde dich gerne telefonisch, per Nachricht oder Mail bei mir!<\/p>\n<\/div><\/div>\n\n\n\n<p style=\"font-size:18px\"><\/p>\n\n\n\n<div class=\"wp-block-media-text has-media-on-the-right is-stacked-on-mobile is-image-fill\"><div class=\"wp-block-media-text__content\">\n<p style=\"font-size:21px\">Kannst du ein paar Fragen mit Ja beantworten? Dann bist du hier richtig!<\/p>\n\n\n\n<p style=\"font-size:18px\">*M\u00f6chtest du dein Immunsystem oder Verdauung st\u00e4rken?<\/p>\n\n\n\n<p style=\"font-size:18px\">*Hast du k\u00f6rperliche Themen: Dr\u00fcckt dein Kopf, sp\u00fcrst du deine Muskeln,&#8230;<\/p>\n\n\n\n<p style=\"font-size:18px\">*M\u00f6chtest du dein Immunsystem st\u00e4rken?<\/p>\n\n\n\n<p style=\"font-size:18px\">*Hast du das Gef\u00fchl nicht in deiner Mitte oder Kraft zu sein?<\/p>\n\n\n\n<p style=\"font-size:18px\">*Brauchst du mehr Energie und Fokus?<\/p>\n\n\n\n<p style=\"font-size:18px\">*Schl\u00e4fst du unruhig oder kannst dein Gedankenkarussel nicht beruhigen?<\/p>\n\n\n\n<p style=\"font-size:18px\">*Brauchst du mehr Verbindung zu dir selbst?<\/p>\n\n\n\n<p style=\"font-size:18px\">*Stehst du vor einer unangenehmen Situation oder  Entscheidung?<\/p>\n\n\n\n<p style=\"font-size:18px\">*Suchst du deine Kreativit\u00e4t und Leichtigkeit?<\/p>\n\n\n\n<p style=\"font-size:18px\">*M\u00f6chtest du deine Haut mit ganz nat\u00fcrlichen Produkten pflegen?<\/p>\n\n\n\n<p style=\"font-size:18px\">*Kennst du schon den chemiefreien Haushalt?<\/p>\n\n\n\n<p style=\"font-size:18px\">*Brauchst du Hilfe bei der Anwendung der \u00d6le?<\/p>\n\n\n\n<p style=\"font-size:18px\">*M\u00f6chtest du deinem K\u00f6rper einfach etwas Gutes tun?<\/p>\n\n\n\n<p style=\"font-size:18px\">Es gibt f\u00fcr jedes Problem ein passendes \u00d6l &#8211; melde dich gerne sollte ich deine Thema nicht aufgelistet haben.<\/p>\n<\/div><figure class=\"wp-block-media-text__media\" style=\"background-image:url(http:\/\/kommindeinebalance.at\/wp-content\/uploads\/2023\/08\/SEY-2304_0605-683x1024.jpg);background-position:50% 50%\"><img loading=\"lazy\" decoding=\"async\" width=\"683\" height=\"1024\" src=\"http:\/\/kommindeinebalance.at\/wp-content\/uploads\/2023\/08\/SEY-2304_0605-683x1024.jpg\" alt=\"\" class=\"wp-image-1195 size-full\" srcset=\"https:\/\/kommindeinebalance.at\/wp-content\/uploads\/2023\/08\/SEY-2304_0605-683x1024.jpg 683w, https:\/\/kommindeinebalance.at\/wp-content\/uploads\/2023\/08\/SEY-2304_0605-200x300.jpg 200w, https:\/\/kommindeinebalance.at\/wp-content\/uploads\/2023\/08\/SEY-2304_0605-768x1152.jpg 768w, https:\/\/kommindeinebalance.at\/wp-content\/uploads\/2023\/08\/SEY-2304_0605-1024x1536.jpg 1024w, https:\/\/kommindeinebalance.at\/wp-content\/uploads\/2023\/08\/SEY-2304_0605-1365x2048.jpg 1365w, https:\/\/kommindeinebalance.at\/wp-content\/uploads\/2023\/08\/SEY-2304_0605-scaled.jpg 1707w\" sizes=\"auto, (max-width: 683px) 100vw, 683px\" \/><\/figure><\/div>\n","protected":false},"excerpt":{"rendered":"<p>\u00c4therischen \u00d6le unterst\u00fctzen dich bei k\u00f6rperlichen sowie mentalen vor\u00fcbergehenden Zust\u00e4nden und speziellen Themen. Die Ger\u00fcche lassen uns in unsere wahren Emotionen und unser tiefes Bewusstsein eintauchen. Oft erinnern uns bestimmte D\u00fcfte an bestimmte Erinnerungen, zum Beispiel aus unserer Kindheit oder an den Urlaub die wiederum ein Gef\u00fchl erzeugen. Ganz bewu\u00dft eingesetzt lassen sie unseren K\u00f6rper <a class=\"read-more\" href=\"https:\/\/kommindeinebalance.at\/index.php\/aromaberatung-fuer-erwachsene\/\">READ MORE<\/a><\/p>\n","protected":false},"author":2,"featured_media":0,"parent":0,"menu_order":0,"comment_status":"closed","ping_status":"closed","template":"","meta":{"footnotes":""},"class_list":["post-708","page","type-page","status-publish","hentry"],"_links":{"self":[{"href":"https:\/\/kommindeinebalance.at\/index.php\/wp-json\/wp\/v2\/pages\/708","targetHints":{"allow":["GET"]}}],"collection":[{"href":"https:\/\/kommindeinebalance.at\/index.php\/wp-json\/wp\/v2\/pages"}],"about":[{"href":"https:\/\/kommindeinebalance.at\/index.php\/wp-json\/wp\/v2\/types\/page"}],"author":[{"embeddable":true,"href":"https:\/\/kommindeinebalance.at\/index.php\/wp-json\/wp\/v2\/users\/2"}],"replies":[{"embeddable":true,"href":"https:\/\/kommindeinebalance.at\/index.php\/wp-json\/wp\/v2\/comments?post=708"}],"version-history":[{"count":19,"href":"https:\/\/kommindeinebalance.at\/index.php\/wp-json\/wp\/v2\/pages\/708\/revisions"}],"predecessor-version":[{"id":1209,"href":"https:\/\/kommindeinebalance.at\/index.php\/wp-json\/wp\/v2\/pages\/708\/revisions\/1209"}],"wp:attachment":[{"href":"https:\/\/kommindeinebalance.at\/index.php\/wp-json\/wp\/v2\/media?parent=708"}],"curies":[{"name":"wp","href":"https:\/\/api.w.org\/{rel}","templated":true}]}}