{"id":401,"date":"2023-01-15T19:41:10","date_gmt":"2023-01-15T19:41:10","guid":{"rendered":"https:\/\/kommindeinebalance.at\/index.php\/bestellung-bei-doterra\/"},"modified":"2023-02-06T19:22:51","modified_gmt":"2023-02-06T19:22:51","slug":"bestellung-bei-doterra","status":"publish","type":"page","link":"https:\/\/kommindeinebalance.at\/index.php\/bestellung-bei-doterra\/","title":{"rendered":"Bestellung bei doTERRA"},"content":{"rendered":"\n<div class=\"wp-block-media-text alignfull is-stacked-on-mobile is-image-fill\"><figure class=\"wp-block-media-text__media\" style=\"background-image:url(http:\/\/kommindeinebalance.at\/wp-content\/uploads\/2023\/02\/IMG_0947-1024x683.jpg);background-position:50% 50%\"><img loading=\"lazy\" decoding=\"async\" width=\"1024\" height=\"683\" src=\"http:\/\/kommindeinebalance.at\/wp-content\/uploads\/2023\/02\/IMG_0947-1024x683.jpg\" alt=\"\" class=\"wp-image-932 size-full\" srcset=\"https:\/\/kommindeinebalance.at\/wp-content\/uploads\/2023\/02\/IMG_0947-1024x683.jpg 1024w, https:\/\/kommindeinebalance.at\/wp-content\/uploads\/2023\/02\/IMG_0947-300x200.jpg 300w, https:\/\/kommindeinebalance.at\/wp-content\/uploads\/2023\/02\/IMG_0947-768x512.jpg 768w, https:\/\/kommindeinebalance.at\/wp-content\/uploads\/2023\/02\/IMG_0947-1536x1024.jpg 1536w, https:\/\/kommindeinebalance.at\/wp-content\/uploads\/2023\/02\/IMG_0947-2048x1365.jpg 2048w\" sizes=\"auto, (max-width: 1024px) 100vw, 1024px\" \/><\/figure><div class=\"wp-block-media-text__content\">\n<h4 class=\"wp-block-heading\" style=\"font-size:19px\">Bestellung ohne Registrierung<\/h4>\n\n\n\n<p style=\"font-size:18px\">Hier erh\u00e4ltst du keine Rabatte und Aktionen auf die Produkte.<\/p>\n\n\n\n<p><\/p>\n\n\n\n<p><\/p>\n\n\n\n<h4 class=\"wp-block-heading\" style=\"font-size:19px\">Bestellung als Vorteilskunde<\/h4>\n\n\n\n<p style=\"font-size:18px\">Hier erh\u00e4ltst du 25% und kannst zus\u00e4tzlich am Treueprogramm teilnehmen wo du Punkte sammeln kannst und monatliche Angebote bekommst.<\/p>\n\n\n\n<p style=\"font-size:18px\">Gerne helfe ich dir bei der Registrierung und Erstbestellung!<\/p>\n<\/div><\/div>\n\n\n\n<p style=\"font-size:18px\"><\/p>\n","protected":false},"excerpt":{"rendered":"<p>Bestellung ohne Registrierung Hier erh\u00e4ltst du keine Rabatte und Aktionen auf die Produkte. Bestellung als Vorteilskunde Hier erh\u00e4ltst du 25% und kannst zus\u00e4tzlich am Treueprogramm teilnehmen wo du Punkte sammeln kannst und monatliche Angebote bekommst. Gerne helfe ich dir bei der Registrierung und Erstbestellung!<\/p>\n","protected":false},"author":2,"featured_media":0,"parent":0,"menu_order":0,"comment_status":"closed","ping_status":"closed","template":"","meta":{"footnotes":""},"class_list":["post-401","page","type-page","status-publish","hentry"],"_links":{"self":[{"href":"https:\/\/kommindeinebalance.at\/index.php\/wp-json\/wp\/v2\/pages\/401","targetHints":{"allow":["GET"]}}],"collection":[{"href":"https:\/\/kommindeinebalance.at\/index.php\/wp-json\/wp\/v2\/pages"}],"about":[{"href":"https:\/\/kommindeinebalance.at\/index.php\/wp-json\/wp\/v2\/types\/page"}],"author":[{"embeddable":true,"href":"https:\/\/kommindeinebalance.at\/index.php\/wp-json\/wp\/v2\/users\/2"}],"replies":[{"embeddable":true,"href":"https:\/\/kommindeinebalance.at\/index.php\/wp-json\/wp\/v2\/comments?post=401"}],"version-history":[{"count":9,"href":"https:\/\/kommindeinebalance.at\/index.php\/wp-json\/wp\/v2\/pages\/401\/revisions"}],"predecessor-version":[{"id":1084,"href":"https:\/\/kommindeinebalance.at\/index.php\/wp-json\/wp\/v2\/pages\/401\/revisions\/1084"}],"wp:attachment":[{"href":"https:\/\/kommindeinebalance.at\/index.php\/wp-json\/wp\/v2\/media?parent=401"}],"curies":[{"name":"wp","href":"https:\/\/api.w.org\/{rel}","templated":true}]}}