{"id":392,"date":"2023-01-15T17:55:41","date_gmt":"2023-01-15T17:55:41","guid":{"rendered":"https:\/\/kommindeinebalance.at\/index.php\/mein-angebot\/"},"modified":"2023-08-30T08:07:46","modified_gmt":"2023-08-30T08:07:46","slug":"mein-angebot-2","status":"publish","type":"page","link":"https:\/\/kommindeinebalance.at\/index.php\/mein-angebot-2\/","title":{"rendered":"Mein Angebot"},"content":{"rendered":"\n<div class=\"wp-block-columns is-layout-flex wp-container-core-columns-is-layout-9d6595d7 wp-block-columns-is-layout-flex\">\n<div class=\"wp-block-column is-vertically-aligned-top has-black-color has-text-color has-background has-small-font-size is-layout-flow wp-block-column-is-layout-flow\" style=\"background-color:#ddd0b5;flex-basis:100%\">\n<div class=\"wp-block-columns is-layout-flex wp-container-core-columns-is-layout-9d6595d7 wp-block-columns-is-layout-flex\">\n<div class=\"wp-block-column is-layout-flow wp-block-column-is-layout-flow\" style=\"flex-basis:100%\">\n<div class=\"wp-block-columns is-layout-flex wp-container-core-columns-is-layout-9d6595d7 wp-block-columns-is-layout-flex\">\n<div class=\"wp-block-column is-layout-flow wp-block-column-is-layout-flow\" style=\"flex-basis:100%\">\n<div class=\"wp-block-group\"><div class=\"wp-block-group__inner-container is-layout-constrained wp-block-group-is-layout-constrained\">\n<p style=\"font-size:18px\"><\/p>\n\n\n\n<p style=\"font-size:18px\"><\/p>\n\n\n\n<div class=\"wp-block-media-text alignfull is-stacked-on-mobile is-image-fill\"><figure class=\"wp-block-media-text__media\" style=\"background-image:url(blob:https:\/\/kommindeinebalance.at\/e3264d2f-8778-4842-9ddc-106b674dcedc);background-position:50% 50%\"><img decoding=\"async\" src=\"blob:https:\/\/kommindeinebalance.at\/e3264d2f-8778-4842-9ddc-106b674dcedc\"\/><\/figure><div class=\"wp-block-media-text__content\">\n<p style=\"font-size:19px\"><strong>F\u00fcr werdende Mamas<\/strong><\/p>\n\n\n\n<p style=\"font-size:18px\">Hast du das Gef\u00fchl dass dir alles zuviel ist?<\/p>\n\n\n\n<p style=\"font-size:18px\">Bist du \u00fcberfordert mit deiner neuen Rolle Mama?<\/p>\n\n\n\n<p style=\"font-size:18px\">Hast du Probleme mit der Verdauung oder leidest unter \u00dcbelkeit? <\/p>\n\n\n\n<p style=\"font-size:18px\">Hast du das Gef\u00fchl nicht in deiner Mitte oder Kraft zu sein? <\/p>\n\n\n\n<p style=\"font-size:18px\">Schl\u00e4fst du unruhig oder kannst dein Gedankenkarussel nicht beruhigen?<\/p>\n\n\n\n<p style=\"font-size:18px\">M\u00f6chtest du dich ganz nat\u00fcrlich auf die Geburt vorbereiten?<\/p>\n\n\n\n<p style=\"font-size:18px\">M\u00f6chtest du ganz entspannt geb\u00e4ren?<\/p>\n\n\n\n<p style=\"font-size:18px\">M\u00f6chtest du Schwangerschaftsprobleme ganz nat\u00fcrlich lindern?<\/p>\n\n\n\n<p style=\"font-size:18px\">M\u00f6chtest du dich im Wochenbett ganz nat\u00fcrlich unterst\u00fctzen?<\/p>\n\n\n\n<p style=\"font-size:18px\">M\u00f6chtest du deine mitwachsende Haut mit ganz nat\u00fcrlichen Produkten pflegen? <\/p>\n\n\n\n<p style=\"font-size:18px\">M\u00f6chtest du deinem K\u00f6rper einfach etwas Gutes tun?<\/p>\n<\/div><\/div>\n\n\n\n<p style=\"font-size:19px\"><\/p>\n\n\n\n<div class=\"wp-block-media-text alignfull has-media-on-the-right is-stacked-on-mobile is-image-fill\"><div class=\"wp-block-media-text__content\">\n<p style=\"font-size:19px\"><strong>Kinder:<\/strong><\/p>\n\n\n\n<p style=\"font-size:18px\">Hast du Pr\u00fcfungsangst?<\/p>\n\n\n\n<p style=\"font-size:18px\">F\u00fchlst du dich in der Schule oder Kindergarten alleine?<\/p>\n\n\n\n<p style=\"font-size:18px\">Zwickt dein Bauch oder brummt dein Kopf?<\/p>\n\n\n\n<p style=\"font-size:18px\">Kommst du schwer zur Ruhe und schl\u00e4fst du schlecht?<\/p>\n\n\n\n<p style=\"font-size:18px\">Brauchst du mehr Konzentration?<\/p>\n\n\n\n<p style=\"font-size:18px\">F\u00e4llt es dir schwer auf deine Emotionen &amp; Bed\u00fcrfnisse zu h\u00f6ren?<\/p>\n\n\n\n<p style=\"font-size:18px\">Sp\u00fcrst du deine Muskeln wenn du w\u00e4chst?<\/p>\n\n\n\n<p style=\"font-size:18px\">Hast du unreine Haut?<\/p>\n\n\n\n<p style=\"font-size:18px\">M\u00f6chtest du dich und dein Immunsystem st\u00e4rken?<\/p>\n<\/div><figure class=\"wp-block-media-text__media\" style=\"background-image:url(http:\/\/kommindeinebalance.at\/wp-content\/uploads\/2023\/01\/IMG_2021-1-1024x768.jpg);background-position:50% 50%\"><img loading=\"lazy\" decoding=\"async\" width=\"1024\" height=\"768\" src=\"http:\/\/kommindeinebalance.at\/wp-content\/uploads\/2023\/01\/IMG_2021-1-1024x768.jpg\" alt=\"\" class=\"wp-image-794 size-full\" srcset=\"https:\/\/kommindeinebalance.at\/wp-content\/uploads\/2023\/01\/IMG_2021-1-1024x768.jpg 1024w, https:\/\/kommindeinebalance.at\/wp-content\/uploads\/2023\/01\/IMG_2021-1-300x225.jpg 300w, https:\/\/kommindeinebalance.at\/wp-content\/uploads\/2023\/01\/IMG_2021-1-768x576.jpg 768w, https:\/\/kommindeinebalance.at\/wp-content\/uploads\/2023\/01\/IMG_2021-1-1536x1152.jpg 1536w, https:\/\/kommindeinebalance.at\/wp-content\/uploads\/2023\/01\/IMG_2021-1-2048x1536.jpg 2048w, https:\/\/kommindeinebalance.at\/wp-content\/uploads\/2023\/01\/IMG_2021-1-400x300.jpg 400w\" sizes=\"auto, (max-width: 1024px) 100vw, 1024px\" \/><\/figure><\/div>\n<\/div><\/div>\n<\/div>\n<\/div>\n<\/div>\n<\/div>\n\n\n\n<div class=\"wp-block-media-text alignfull is-stacked-on-mobile is-image-fill\"><figure class=\"wp-block-media-text__media\" style=\"background-image:url(https:\/\/kommindeinebalance.at\/wp-content\/uploads\/2023\/03\/IMG_0935-683x1024.jpg);background-position:50% 50%\"><img loading=\"lazy\" decoding=\"async\" width=\"683\" height=\"1024\" src=\"https:\/\/kommindeinebalance.at\/wp-content\/uploads\/2023\/03\/IMG_0935-683x1024.jpg\" alt=\"\" class=\"wp-image-1131 size-full\" srcset=\"https:\/\/kommindeinebalance.at\/wp-content\/uploads\/2023\/03\/IMG_0935-683x1024.jpg 683w, https:\/\/kommindeinebalance.at\/wp-content\/uploads\/2023\/03\/IMG_0935-200x300.jpg 200w, https:\/\/kommindeinebalance.at\/wp-content\/uploads\/2023\/03\/IMG_0935-768x1152.jpg 768w, https:\/\/kommindeinebalance.at\/wp-content\/uploads\/2023\/03\/IMG_0935-1024x1536.jpg 1024w, https:\/\/kommindeinebalance.at\/wp-content\/uploads\/2023\/03\/IMG_0935-1365x2048.jpg 1365w, https:\/\/kommindeinebalance.at\/wp-content\/uploads\/2023\/03\/IMG_0935-scaled.jpg 1707w\" sizes=\"auto, (max-width: 683px) 100vw, 683px\" \/><\/figure><div class=\"wp-block-media-text__content\">\n<p style=\"font-size:19px\"><strong>F\u00fcr Familien, junge Mamas &amp; Papas&#8230;<\/strong><\/p>\n\n\n\n<p style=\"font-size:18px\">Hast du das Gef\u00fchl dass dir alles zuviel ist?<\/p>\n\n\n\n<p style=\"font-size:18px\">Bist du \u00fcberfordert mit deiner neuen Rolle Mama?<\/p>\n\n\n\n<p style=\"font-size:18px\">Du brauchst eine Pause wei\u00dft aber nicht wie?<\/p>\n\n\n\n<p style=\"font-size:18px\">M\u00f6chtest du dein Immunsystem oder Verdauung st\u00e4rken? <\/p>\n\n\n\n<p style=\"font-size:18px\">Brauchst du Unterst\u00fctzung weil deine Kinder viel streiten?<\/p>\n\n\n\n<p style=\"font-size:18px\">Hast du das Gef\u00fchl nicht in deiner Mitte oder Kraft zu sein? <\/p>\n\n\n\n<p style=\"font-size:18px\">Schl\u00e4fst du unruhig oder kannst dein Gedankenkarussel nicht beruhigen?<\/p>\n\n\n\n<p style=\"font-size:18px\">Stehst du vor einer unangenehmen Situation oder Entscheidung?<\/p>\n\n\n\n<p style=\"font-size:18px\">Suchst du deine Kreativit\u00e4t und Leichtigkeit?<\/p>\n\n\n\n<p style=\"font-size:18px\">M\u00f6chtest du deine Haut mit ganz nat\u00fcrlichen Produkten pflegen? <\/p>\n\n\n\n<p style=\"font-size:18px\">Kennst du schon den chemiefreien Haushalt? <\/p>\n\n\n\n<p style=\"font-size:18px\">Brauchst du Hilfe bei der Anwendung der \u00d6le?<\/p>\n\n\n\n<p style=\"font-size:18px\">M\u00f6chtest du deinem K\u00f6rper einfach etwas Gutes tun?<\/p>\n<\/div><\/div>\n\n\n\n<p style=\"font-size:18px\">Die Ger\u00fcche \u00e4therischer \u00d6le lassen uns in unsere wahren Emotionen eintauchen und in unser tiefes Bewusstsein eindringen. Oft erinnern uns bestimmte D\u00fcfte an bestimmte Erinnerungen, zum Beispiel aus unserer Kindheit oder an den Urlaub die wiederum ein Gef\u00fchl erzeugen. Ganz bewu\u00dft eingesetzt lassen sie unseren K\u00f6rper wieder in Balance kommen und helfen uns bei der Arbeit und Aufl\u00f6sung von inneren sowie k\u00f6rperlichen Themen! <\/p>\n\n\n\n<p style=\"font-size:18px\">In meinen Einzelgespr\u00e4chen gehen wir deinem Thema auf den Grund und finden deine passenden \u00d6le und \u00dcbungen um deinen K\u00f6rper und Geist wieder in Balance zu bringen.<\/p>\n\n\n\n<p style=\"font-size:18px\">Hier findest du einige Themenbereiche wo ich dich gerne unterst\u00fctze. Ist dein Thema nicht dabei, dann melde dich gerne zu einem individuellen Gespr\u00e4ch!<\/p>\n\n\n\n<div class=\"wp-block-columns is-layout-flex wp-container-core-columns-is-layout-9d6595d7 wp-block-columns-is-layout-flex\">\n<div class=\"wp-block-column is-layout-flow wp-block-column-is-layout-flow\">\n<div class=\"wp-block-columns is-layout-flex wp-container-core-columns-is-layout-9d6595d7 wp-block-columns-is-layout-flex\">\n<div class=\"wp-block-column is-layout-flow wp-block-column-is-layout-flow\">\n<figure class=\"wp-block-image size-large\"><img loading=\"lazy\" decoding=\"async\" width=\"2560\" height=\"1439\" src=\"https:\/\/kommindeinebalance.at\/wp-content\/uploads\/2023\/02\/IMG_0924-edited-scaled.jpg\" alt=\"\" class=\"wp-image-1029\" srcset=\"https:\/\/kommindeinebalance.at\/wp-content\/uploads\/2023\/02\/IMG_0924-edited-scaled.jpg 2560w, https:\/\/kommindeinebalance.at\/wp-content\/uploads\/2023\/02\/IMG_0924-edited-300x169.jpg 300w, https:\/\/kommindeinebalance.at\/wp-content\/uploads\/2023\/02\/IMG_0924-edited-1024x576.jpg 1024w, https:\/\/kommindeinebalance.at\/wp-content\/uploads\/2023\/02\/IMG_0924-edited-768x432.jpg 768w, https:\/\/kommindeinebalance.at\/wp-content\/uploads\/2023\/02\/IMG_0924-edited-1536x863.jpg 1536w, https:\/\/kommindeinebalance.at\/wp-content\/uploads\/2023\/02\/IMG_0924-edited-2048x1151.jpg 2048w\" sizes=\"auto, (max-width: 2560px) 100vw, 2560px\" \/><figcaption class=\"wp-element-caption\">Aromaberatung Erwachsene<\/figcaption><\/figure>\n\n\n\n<div class=\"wp-block-buttons is-layout-flex wp-block-buttons-is-layout-flex\">\n<div class=\"wp-block-button\"><a class=\"wp-block-button__link wp-element-button\" href=\"https:\/\/kommindeinebalance.at\/index.php\/aromaberatung-fuer-erwachsene\/\">Weiterlesen<\/a><\/div>\n<\/div>\n<\/div>\n\n\n\n<div class=\"wp-block-column is-layout-flow wp-block-column-is-layout-flow\">\n<figure class=\"wp-block-image size-large\"><img loading=\"lazy\" decoding=\"async\" width=\"1200\" height=\"675\" src=\"https:\/\/kommindeinebalance.at\/wp-content\/uploads\/2023\/02\/b6009a25ffcc2c6a3e8bc4341ec64f19-edited.png\" alt=\"\" class=\"wp-image-1028\" srcset=\"https:\/\/kommindeinebalance.at\/wp-content\/uploads\/2023\/02\/b6009a25ffcc2c6a3e8bc4341ec64f19-edited.png 1200w, https:\/\/kommindeinebalance.at\/wp-content\/uploads\/2023\/02\/b6009a25ffcc2c6a3e8bc4341ec64f19-edited-300x169.png 300w, https:\/\/kommindeinebalance.at\/wp-content\/uploads\/2023\/02\/b6009a25ffcc2c6a3e8bc4341ec64f19-edited-1024x576.png 1024w, https:\/\/kommindeinebalance.at\/wp-content\/uploads\/2023\/02\/b6009a25ffcc2c6a3e8bc4341ec64f19-edited-768x432.png 768w\" sizes=\"auto, (max-width: 1200px) 100vw, 1200px\" \/><figcaption class=\"wp-element-caption\">Aromaberatung Kind<\/figcaption><\/figure>\n\n\n\n<div class=\"wp-block-buttons is-layout-flex wp-block-buttons-is-layout-flex\">\n<div class=\"wp-block-button\"><a class=\"wp-block-button__link wp-element-button\" href=\"https:\/\/kommindeinebalance.at\/index.php\/aromaberatung-fuer-kinder\/\">Weiterlesen<\/a><\/div>\n<\/div>\n<\/div>\n<\/div>\n<\/div>\n\n\n\n<div class=\"wp-block-column is-layout-flow wp-block-column-is-layout-flow\">\n<div class=\"wp-block-columns is-layout-flex wp-container-core-columns-is-layout-9d6595d7 wp-block-columns-is-layout-flex\">\n<div class=\"wp-block-column is-layout-flow wp-block-column-is-layout-flow\">\n<figure class=\"wp-block-image size-large\"><img loading=\"lazy\" decoding=\"async\" width=\"2560\" height=\"1439\" src=\"https:\/\/kommindeinebalance.at\/wp-content\/uploads\/2023\/02\/IMG_0965-edited-scaled.jpg\" alt=\"\" class=\"wp-image-1031\" srcset=\"https:\/\/kommindeinebalance.at\/wp-content\/uploads\/2023\/02\/IMG_0965-edited-scaled.jpg 2560w, https:\/\/kommindeinebalance.at\/wp-content\/uploads\/2023\/02\/IMG_0965-edited-300x169.jpg 300w, https:\/\/kommindeinebalance.at\/wp-content\/uploads\/2023\/02\/IMG_0965-edited-1024x576.jpg 1024w, https:\/\/kommindeinebalance.at\/wp-content\/uploads\/2023\/02\/IMG_0965-edited-768x432.jpg 768w, https:\/\/kommindeinebalance.at\/wp-content\/uploads\/2023\/02\/IMG_0965-edited-1536x863.jpg 1536w, https:\/\/kommindeinebalance.at\/wp-content\/uploads\/2023\/02\/IMG_0965-edited-2048x1151.jpg 2048w\" sizes=\"auto, (max-width: 2560px) 100vw, 2560px\" \/><figcaption class=\"wp-element-caption\">Aufzeichnung Webinare<\/figcaption><\/figure>\n\n\n\n<div class=\"wp-block-buttons is-layout-flex wp-block-buttons-is-layout-flex\">\n<div class=\"wp-block-button\"><a class=\"wp-block-button__link wp-element-button\" href=\"https:\/\/kommindeinebalance.at\/index.php\/webinar-vortraege\/(\u00f6ffnet in neuem Tab)\">Weiterlesen<\/a><\/div>\n<\/div>\n<\/div>\n\n\n\n<div class=\"wp-block-column is-layout-flow wp-block-column-is-layout-flow\">\n<figure class=\"wp-block-image size-large\"><img loading=\"lazy\" decoding=\"async\" width=\"2560\" height=\"1439\" src=\"https:\/\/kommindeinebalance.at\/wp-content\/uploads\/2023\/02\/IMG_0937_sw-edited-scaled.jpg\" alt=\"\" class=\"wp-image-1033\" srcset=\"https:\/\/kommindeinebalance.at\/wp-content\/uploads\/2023\/02\/IMG_0937_sw-edited-scaled.jpg 2560w, https:\/\/kommindeinebalance.at\/wp-content\/uploads\/2023\/02\/IMG_0937_sw-edited-300x169.jpg 300w, https:\/\/kommindeinebalance.at\/wp-content\/uploads\/2023\/02\/IMG_0937_sw-edited-1024x576.jpg 1024w, https:\/\/kommindeinebalance.at\/wp-content\/uploads\/2023\/02\/IMG_0937_sw-edited-768x432.jpg 768w, https:\/\/kommindeinebalance.at\/wp-content\/uploads\/2023\/02\/IMG_0937_sw-edited-1536x863.jpg 1536w, https:\/\/kommindeinebalance.at\/wp-content\/uploads\/2023\/02\/IMG_0937_sw-edited-2048x1151.jpg 2048w\" sizes=\"auto, (max-width: 2560px) 100vw, 2560px\" \/><figcaption class=\"wp-element-caption\">Mentaltraining und \u00d6le<\/figcaption><\/figure>\n\n\n\n<div class=\"wp-block-buttons is-layout-flex wp-block-buttons-is-layout-flex\">\n<div class=\"wp-block-button\"><a class=\"wp-block-button__link wp-element-button\" href=\"https:\/\/kommindeinebalance.at\/index.php\/mentaltraining-oele\/(\u00f6ffnet in neuem Tab)\">Weiterlesen<\/a><\/div>\n<\/div>\n<\/div>\n<\/div>\n<\/div>\n<\/div>\n<\/div>\n<\/div>\n","protected":false},"excerpt":{"rendered":"<p>F\u00fcr werdende Mamas Hast du das Gef\u00fchl dass dir alles zuviel ist? Bist du \u00fcberfordert mit deiner neuen Rolle Mama? Hast du Probleme mit der Verdauung oder leidest unter \u00dcbelkeit? Hast du das Gef\u00fchl nicht in deiner Mitte oder Kraft zu sein? Schl\u00e4fst du unruhig oder kannst dein Gedankenkarussel nicht beruhigen? M\u00f6chtest du dich ganz <a class=\"read-more\" href=\"https:\/\/kommindeinebalance.at\/index.php\/mein-angebot-2\/\">READ MORE<\/a><\/p>\n","protected":false},"author":2,"featured_media":0,"parent":0,"menu_order":0,"comment_status":"closed","ping_status":"closed","template":"","meta":{"footnotes":""},"class_list":["post-392","page","type-page","status-publish","hentry"],"_links":{"self":[{"href":"https:\/\/kommindeinebalance.at\/index.php\/wp-json\/wp\/v2\/pages\/392","targetHints":{"allow":["GET"]}}],"collection":[{"href":"https:\/\/kommindeinebalance.at\/index.php\/wp-json\/wp\/v2\/pages"}],"about":[{"href":"https:\/\/kommindeinebalance.at\/index.php\/wp-json\/wp\/v2\/types\/page"}],"author":[{"embeddable":true,"href":"https:\/\/kommindeinebalance.at\/index.php\/wp-json\/wp\/v2\/users\/2"}],"replies":[{"embeddable":true,"href":"https:\/\/kommindeinebalance.at\/index.php\/wp-json\/wp\/v2\/comments?post=392"}],"version-history":[{"count":22,"href":"https:\/\/kommindeinebalance.at\/index.php\/wp-json\/wp\/v2\/pages\/392\/revisions"}],"predecessor-version":[{"id":1203,"href":"https:\/\/kommindeinebalance.at\/index.php\/wp-json\/wp\/v2\/pages\/392\/revisions\/1203"}],"wp:attachment":[{"href":"https:\/\/kommindeinebalance.at\/index.php\/wp-json\/wp\/v2\/media?parent=392"}],"curies":[{"name":"wp","href":"https:\/\/api.w.org\/{rel}","templated":true}]}}