{"id":248,"date":"2023-01-15T11:50:28","date_gmt":"2023-01-15T11:50:28","guid":{"rendered":"https:\/\/kommindeinebalance.at\/?page_id=248"},"modified":"2023-08-30T07:35:53","modified_gmt":"2023-08-30T07:35:53","slug":"doterra-produkte","status":"publish","type":"page","link":"https:\/\/kommindeinebalance.at\/index.php\/doterra-produkte\/","title":{"rendered":"doTERRA"},"content":{"rendered":"\n<p><\/p>\n\n\n\n<div class=\"wp-block-media-text alignfull has-media-on-the-right is-stacked-on-mobile is-image-fill\" style=\"grid-template-columns:auto 44%\"><div class=\"wp-block-media-text__content\">\n<p style=\"font-size:21px\">Warum gerade doTERRA?<\/p>\n\n\n\n<p style=\"font-size:18px\">Hinter der Firma doTERRA stehen Menschen die nicht nur auf Gewinn und Quantit\u00e4t aus sind. Es sind Menschen mit einer Vision &#8211; mit jedem Tropfen die Welt ein bisschen besser zu machen. <\/p>\n\n\n\n<p style=\"font-size:18px\">Faire Behandlung der Mitarbeiter, achtsamer und ressourcenschonender Umgang der Natur und unterst\u00fctzende menschenbezogene Projekte machen dieses Unternehmen aus!<\/p>\n\n\n\n<p style=\"font-size:18px\">DoTERRA hat sich zur Aufgabe gemacht ausschlie\u00dflich hochwertige \u00d6le herzustellen. Gerade die Reinheit ist das Wichtigste an einem \u00d6l. Wenn es nicht rein ist kann es seine volle Wirkung nicht entfalten. Der Markt von \u00e4therischen \u00d6len ist nicht kontrolliert, viele \u00d6le werden nicht streng genug gepr\u00fcft. Um sicherzustellen, dass jedes Fl\u00e4schchen frei von Verunreinigungen, rein und ohne k\u00fcnstliche F\u00fcllstoffe ist, hat doTERRA ein Verfahren entwickelt, welches reine und gepr\u00fcfte Qualit\u00e4t garantiert (Certified Pure Tested Grasde &#8211; CPTG\u2122). Das CPTG-Verfahren beinhaltet eine strenge Untersuchung in drei Runden durch unabh\u00e4ngige Stellen, um Transparenz zu garantieren.<\/p>\n\n\n\n<p style=\"font-size:18px\">Durch die Sicherstellung der Renheit dieser \u00d6le kann wende ich sie t\u00e4glich innerlich und \u00e4usserlich an und kann sie mit vollem Vertrauen weiterempfehlen!<\/p>\n<\/div><figure class=\"wp-block-media-text__media\" style=\"background-image:url(http:\/\/kommindeinebalance.at\/wp-content\/uploads\/2023\/01\/IMG_0910-1024x683.jpg);background-position:50% 50%\"><img loading=\"lazy\" decoding=\"async\" width=\"1024\" height=\"683\" src=\"http:\/\/kommindeinebalance.at\/wp-content\/uploads\/2023\/01\/IMG_0910-1024x683.jpg\" alt=\"\" class=\"wp-image-699 size-full\" srcset=\"https:\/\/kommindeinebalance.at\/wp-content\/uploads\/2023\/01\/IMG_0910-1024x683.jpg 1024w, https:\/\/kommindeinebalance.at\/wp-content\/uploads\/2023\/01\/IMG_0910-300x200.jpg 300w, https:\/\/kommindeinebalance.at\/wp-content\/uploads\/2023\/01\/IMG_0910-768x512.jpg 768w, https:\/\/kommindeinebalance.at\/wp-content\/uploads\/2023\/01\/IMG_0910-1536x1024.jpg 1536w, https:\/\/kommindeinebalance.at\/wp-content\/uploads\/2023\/01\/IMG_0910-2048x1365.jpg 2048w\" sizes=\"auto, (max-width: 1024px) 100vw, 1024px\" \/><\/figure><\/div>\n\n\n\n<p><\/p>\n","protected":false},"excerpt":{"rendered":"<p>Warum gerade doTERRA? Hinter der Firma doTERRA stehen Menschen die nicht nur auf Gewinn und Quantit\u00e4t aus sind. Es sind Menschen mit einer Vision &#8211; mit jedem Tropfen die Welt ein bisschen besser zu machen. Faire Behandlung der Mitarbeiter, achtsamer und ressourcenschonender Umgang der Natur und unterst\u00fctzende menschenbezogene Projekte machen dieses Unternehmen aus! DoTERRA hat <a class=\"read-more\" href=\"https:\/\/kommindeinebalance.at\/index.php\/doterra-produkte\/\">READ MORE<\/a><\/p>\n","protected":false},"author":2,"featured_media":0,"parent":0,"menu_order":0,"comment_status":"closed","ping_status":"closed","template":"","meta":{"footnotes":""},"class_list":["post-248","page","type-page","status-publish","hentry"],"_links":{"self":[{"href":"https:\/\/kommindeinebalance.at\/index.php\/wp-json\/wp\/v2\/pages\/248","targetHints":{"allow":["GET"]}}],"collection":[{"href":"https:\/\/kommindeinebalance.at\/index.php\/wp-json\/wp\/v2\/pages"}],"about":[{"href":"https:\/\/kommindeinebalance.at\/index.php\/wp-json\/wp\/v2\/types\/page"}],"author":[{"embeddable":true,"href":"https:\/\/kommindeinebalance.at\/index.php\/wp-json\/wp\/v2\/users\/2"}],"replies":[{"embeddable":true,"href":"https:\/\/kommindeinebalance.at\/index.php\/wp-json\/wp\/v2\/comments?post=248"}],"version-history":[{"count":12,"href":"https:\/\/kommindeinebalance.at\/index.php\/wp-json\/wp\/v2\/pages\/248\/revisions"}],"predecessor-version":[{"id":1186,"href":"https:\/\/kommindeinebalance.at\/index.php\/wp-json\/wp\/v2\/pages\/248\/revisions\/1186"}],"wp:attachment":[{"href":"https:\/\/kommindeinebalance.at\/index.php\/wp-json\/wp\/v2\/media?parent=248"}],"curies":[{"name":"wp","href":"https:\/\/api.w.org\/{rel}","templated":true}]}}