{"id":131,"date":"2023-01-10T21:17:08","date_gmt":"2023-01-10T21:17:08","guid":{"rendered":"https:\/\/kommindeinebalance.at\/?page_id=131"},"modified":"2023-02-06T20:38:27","modified_gmt":"2023-02-06T20:38:27","slug":"entspannungsreise-mit-oelen-workshop","status":"publish","type":"page","link":"https:\/\/kommindeinebalance.at\/index.php\/entspannungsreise-mit-oelen-workshop\/","title":{"rendered":"Entspannungsreise mit \u00d6len"},"content":{"rendered":"\n<p class=\"has-white-background-color has-background\" style=\"font-size:18px\">Komm in deine Kraft und Balance. Ich begleite dich auf diesem 4 &#8211; w\u00f6chigen Programm.  Meditationen, Affirmationen, Bewusstseins\u00fcbungen und Mental\u00fcbungen, Duftanker &amp; Bilderreisen begleiten dich in diesen Wochen in Kombination mit auserw\u00e4hlten \u00d6len. ZOOM Calls &amp; eine What&#8217;s App Gruppe unterst\u00fctzen dich um dich auszutauschen und Informationen zu bekommen. <\/p>\n\n\n\n<p style=\"font-size:18px\">N\u00e4here Informationen und Termin sind noch in Ausarbeitung!<\/p>\n","protected":false},"excerpt":{"rendered":"<p>Komm in deine Kraft und Balance. Ich begleite dich auf diesem 4 &#8211; w\u00f6chigen Programm. Meditationen, Affirmationen, Bewusstseins\u00fcbungen und Mental\u00fcbungen, Duftanker &amp; Bilderreisen begleiten dich in diesen Wochen in Kombination mit auserw\u00e4hlten \u00d6len. ZOOM Calls &amp; eine What&#8217;s App Gruppe unterst\u00fctzen dich um dich auszutauschen und Informationen zu bekommen. N\u00e4here Informationen und Termin sind noch <a class=\"read-more\" href=\"https:\/\/kommindeinebalance.at\/index.php\/entspannungsreise-mit-oelen-workshop\/\">READ MORE<\/a><\/p>\n","protected":false},"author":2,"featured_media":0,"parent":0,"menu_order":0,"comment_status":"closed","ping_status":"closed","template":"page-templates\/full-width-page.php","meta":{"footnotes":""},"class_list":["post-131","page","type-page","status-publish","hentry"],"_links":{"self":[{"href":"https:\/\/kommindeinebalance.at\/index.php\/wp-json\/wp\/v2\/pages\/131","targetHints":{"allow":["GET"]}}],"collection":[{"href":"https:\/\/kommindeinebalance.at\/index.php\/wp-json\/wp\/v2\/pages"}],"about":[{"href":"https:\/\/kommindeinebalance.at\/index.php\/wp-json\/wp\/v2\/types\/page"}],"author":[{"embeddable":true,"href":"https:\/\/kommindeinebalance.at\/index.php\/wp-json\/wp\/v2\/users\/2"}],"replies":[{"embeddable":true,"href":"https:\/\/kommindeinebalance.at\/index.php\/wp-json\/wp\/v2\/comments?post=131"}],"version-history":[{"count":8,"href":"https:\/\/kommindeinebalance.at\/index.php\/wp-json\/wp\/v2\/pages\/131\/revisions"}],"predecessor-version":[{"id":1096,"href":"https:\/\/kommindeinebalance.at\/index.php\/wp-json\/wp\/v2\/pages\/131\/revisions\/1096"}],"wp:attachment":[{"href":"https:\/\/kommindeinebalance.at\/index.php\/wp-json\/wp\/v2\/media?parent=131"}],"curies":[{"name":"wp","href":"https:\/\/api.w.org\/{rel}","templated":true}]}}