{"id":1134,"date":"2023-03-13T20:54:19","date_gmt":"2023-03-13T20:54:19","guid":{"rendered":"https:\/\/kommindeinebalance.at\/?page_id=1134"},"modified":"2023-03-13T21:38:30","modified_gmt":"2023-03-13T21:38:30","slug":"fuer-junge-familien","status":"publish","type":"page","link":"https:\/\/kommindeinebalance.at\/index.php\/fuer-junge-familien\/","title":{"rendered":"F\u00fcr junge Familien"},"content":{"rendered":"\n<p style=\"font-size:18px\">Rund 40 Wochen hast du gewartet und dir schon ausgemalt wie sch\u00f6n dein Familienleben mit deinem Neugeborenen sein wird! Und dann &#8211; ist doch alles irgendwie anders!?<\/p>\n\n\n\n<p style=\"font-size:18px\">Es ist v\u00f6llig normal dass die werdenden Eltern erst in ihre neue Rolle hineinschl\u00fcpfen m\u00fcssen, und es tut richtig gut in dieser herausfordernden Zeit Unterst\u00fctzung zu haben. Die Vorstellungen waren ein bisschen anders&#8230; Schlaflose N\u00e4chte, viel Stillen oder Fl\u00e4schchen zubereiten, Windeln wechseln, Bl\u00e4hungen und Kuscheln. Das macht man nat\u00fcrlich alles sehr gerne aber es soll auch noch Zeit f\u00fcr sich selbst bleiben-und das ist oft in der ersten Zeit sehr schwer. Es kann passieren dass die Kr\u00e4fte &amp; Geduld nachlassen und die Emotionen Achterbahn fahren.<\/p>\n\n\n\n<p style=\"font-size:18px\">Ich unterst\u00fctze dich in dieser zeit sehr gerne mit ganz sanften aber wirkungsvollen \u00d6len die deine ganze Familie st\u00e4rken und ausgleichen werden. Zus\u00e4tzlich helfen gezielte Mental- und Bewusstseins\u00fcbungen um wieder in deine Kraft und Entspannung zu kommen. <\/p>\n\n\n\n<p style=\"font-size:18px\">Melde dich f\u00fcr ein Kennenlern-Angebot bei mir. Wir besprechen gemeinsam dein\/euer Anliegen und ich zeige dir deine\/eure M\u00f6glichkeiten. Du entscheidest ob und wann ihr mit den \u00d6len &amp; Selfcare starten m\u00f6chtet. Mein Geschenk an Dich: 1 Probefl\u00e4schchen \u00e4therisches \u00d6l.<\/p>\n\n\n\n<p style=\"font-size:18px\">M\u00f6chtet ihr danach mehr erfahren und noch mehr Anwendungen der \u00d6le und verschiedene Tools aus dem Bereich Mental- und Bewusstseinstraining erfahren, dann vereinbaren wir einen Termin f\u00fcr ein 1:1 Gespr\u00e4ch. <\/p>\n\n\n\n<p style=\"font-size:18px\">Bei eurem 1:1 Gespr\u00e4ch nehmen wir uns rund 1 Stunde Zeit und besprechen ausf\u00fchrlich das Anliegen und den pers\u00f6nlichen Fahrplan. Ich zeige dir\/euch spezielle Mental- und Bewusstseins\u00fcbungen, Affirmationen und Meditationen und wir schauen uns verschiedene \u00d6le und deren Anwendung genau an. Ich schicke dir die Aufnahmen der \u00dcbungen und den schriftlichen Fahrplan per Mail.<\/p>\n\n\n\n<p style=\"font-size:18px\">Unser Kennenlernen und weitere Termine machen wir ganz ortsungebunden \u2013 via ZOOM.<\/p>\n","protected":false},"excerpt":{"rendered":"<p>Rund 40 Wochen hast du gewartet und dir schon ausgemalt wie sch\u00f6n dein Familienleben mit deinem Neugeborenen sein wird! Und dann &#8211; ist doch alles irgendwie anders!? Es ist v\u00f6llig normal dass die werdenden Eltern erst in ihre neue Rolle hineinschl\u00fcpfen m\u00fcssen, und es tut richtig gut in dieser herausfordernden Zeit Unterst\u00fctzung zu haben. Die <a class=\"read-more\" href=\"https:\/\/kommindeinebalance.at\/index.php\/fuer-junge-familien\/\">READ MORE<\/a><\/p>\n","protected":false},"author":2,"featured_media":0,"parent":0,"menu_order":0,"comment_status":"closed","ping_status":"closed","template":"","meta":{"footnotes":""},"class_list":["post-1134","page","type-page","status-publish","hentry"],"_links":{"self":[{"href":"https:\/\/kommindeinebalance.at\/index.php\/wp-json\/wp\/v2\/pages\/1134","targetHints":{"allow":["GET"]}}],"collection":[{"href":"https:\/\/kommindeinebalance.at\/index.php\/wp-json\/wp\/v2\/pages"}],"about":[{"href":"https:\/\/kommindeinebalance.at\/index.php\/wp-json\/wp\/v2\/types\/page"}],"author":[{"embeddable":true,"href":"https:\/\/kommindeinebalance.at\/index.php\/wp-json\/wp\/v2\/users\/2"}],"replies":[{"embeddable":true,"href":"https:\/\/kommindeinebalance.at\/index.php\/wp-json\/wp\/v2\/comments?post=1134"}],"version-history":[{"count":4,"href":"https:\/\/kommindeinebalance.at\/index.php\/wp-json\/wp\/v2\/pages\/1134\/revisions"}],"predecessor-version":[{"id":1159,"href":"https:\/\/kommindeinebalance.at\/index.php\/wp-json\/wp\/v2\/pages\/1134\/revisions\/1159"}],"wp:attachment":[{"href":"https:\/\/kommindeinebalance.at\/index.php\/wp-json\/wp\/v2\/media?parent=1134"}],"curies":[{"name":"wp","href":"https:\/\/api.w.org\/{rel}","templated":true}]}}